{"id":11,"date":"2025-05-09T14:09:35","date_gmt":"2025-05-09T12:09:35","guid":{"rendered":"https:\/\/evocomet.eu\/?page_id=11"},"modified":"2025-05-25T22:06:23","modified_gmt":"2025-05-25T20:06:23","slug":"accueil","status":"publish","type":"page","link":"https:\/\/evocomet.eu\/","title":{"rendered":"Accueil"},"content":{"rendered":"\t\t<div data-elementor-type=\"wp-page\" data-elementor-id=\"11\" class=\"elementor elementor-11\">\n\t\t\t\t<div class=\"elementor-element elementor-element-e486b59 e-flex e-con-boxed wpr-particle-no wpr-jarallax-no wpr-parallax-no wpr-sticky-section-no e-con e-parent\" data-id=\"e486b59\" data-element_type=\"container\" data-settings=\"{&quot;background_background&quot;:&quot;classic&quot;}\">\n\t\t\t\t\t<div class=\"e-con-inner\">\n\t\t\t\t<div class=\"elementor-element elementor-element-bd0a8b9 elementor-widget elementor-widget-heading\" data-id=\"bd0a8b9\" data-element_type=\"widget\" data-widget_type=\"heading.default\">\n\t\t\t\t<div class=\"elementor-widget-container\">\n\t\t\t\t\t<h1 class=\"elementor-heading-title elementor-size-default\">Bienvenue<br> chez Evo Comet !<\/h1>\t\t\t\t<\/div>\n\t\t\t\t<\/div>\n\t\t\t\t<div class=\"elementor-element elementor-element-4539e2d elementor-widget__width-initial elementor-widget elementor-widget-heading\" data-id=\"4539e2d\" data-element_type=\"widget\" data-widget_type=\"heading.default\">\n\t\t\t\t<div class=\"elementor-widget-container\">\n\t\t\t\t\t<p class=\"elementor-heading-title elementor-size-default\">Ne passez pas \u00e0 c\u00f4t\u00e9 d\u2019un projet digital qui vous d\u00e9marque ! Nous transformons vos id\u00e9es en solutions sur-mesure, alliant cr\u00e9ativit\u00e9 et expertise. Boostez votre impact avec des r\u00e9alisations innovantes.\n<\/p>\t\t\t\t<\/div>\n\t\t\t\t<\/div>\n\t\t\t\t<div class=\"elementor-element elementor-element-b5ab81b elementor-widget elementor-widget-image\" data-id=\"b5ab81b\" data-element_type=\"widget\" data-widget_type=\"image.default\">\n\t\t\t\t<div class=\"elementor-widget-container\">\n\t\t\t\t\t\t\t\t\t\t\t\t\t\t\t<img decoding=\"async\" width=\"67\" height=\"67\" src=\"https:\/\/evocomet.eu\/wp-content\/uploads\/2025\/05\/Arrow-down-circle.png\" class=\"attachment-large size-large wp-image-77\" alt=\"\" \/>\t\t\t\t\t\t\t\t\t\t\t\t\t\t\t<\/div>\n\t\t\t\t<\/div>\n\t\t\t\t\t<\/div>\n\t\t\t\t<\/div>\n\t\t<div class=\"elementor-element elementor-element-45e6397 e-flex e-con-boxed wpr-particle-no wpr-jarallax-no wpr-parallax-no wpr-sticky-section-no e-con e-parent\" data-id=\"45e6397\" data-element_type=\"container\">\n\t\t\t\t\t<div class=\"e-con-inner\">\n\t\t\t\t<div class=\"elementor-element elementor-element-41dab93 elementor-widget elementor-widget-heading\" data-id=\"41dab93\" data-element_type=\"widget\" data-widget_type=\"heading.default\">\n\t\t\t\t<div class=\"elementor-widget-container\">\n\t\t\t\t\t<h2 class=\"elementor-heading-title elementor-size-default\">Teaser<\/h2>\t\t\t\t<\/div>\n\t\t\t\t<\/div>\n\t\t\t\t\t<\/div>\n\t\t\t\t<\/div>\n\t\t<div class=\"elementor-element elementor-element-774e83b e-flex e-con-boxed wpr-particle-no wpr-jarallax-no wpr-parallax-no wpr-sticky-section-no e-con e-parent\" data-id=\"774e83b\" data-element_type=\"container\" data-settings=\"{&quot;background_background&quot;:&quot;classic&quot;}\">\n\t\t\t\t\t<div class=\"e-con-inner\">\n\t\t\t\t<div class=\"elementor-element elementor-element-0a3f917 elementor-widget elementor-widget-video\" data-id=\"0a3f917\" data-element_type=\"widget\" data-settings=\"{&quot;youtube_url&quot;:&quot;https:\\\/\\\/youtu.be\\\/CXYt3nKU1MM&quot;,&quot;video_type&quot;:&quot;youtube&quot;,&quot;controls&quot;:&quot;yes&quot;}\" data-widget_type=\"video.default\">\n\t\t\t\t<div class=\"elementor-widget-container\">\n\t\t\t\t\t\t\t<div class=\"elementor-wrapper elementor-open-inline\">\n\t\t\t<div class=\"elementor-video\"><\/div>\t\t<\/div>\n\t\t\t\t\t\t<\/div>\n\t\t\t\t<\/div>\n\t\t\t\t<div class=\"elementor-element elementor-element-16c3930 elementor-align-center elementor-widget elementor-widget-button\" data-id=\"16c3930\" data-element_type=\"widget\" data-widget_type=\"button.default\">\n\t\t\t\t<div class=\"elementor-widget-container\">\n\t\t\t\t\t\t\t\t\t<div class=\"elementor-button-wrapper\">\n\t\t\t\t\t<a class=\"elementor-button elementor-button-link elementor-size-sm\" href=\"https:\/\/youtu.be\/CXYt3nKU1MM\">\n\t\t\t\t\t\t<span class=\"elementor-button-content-wrapper\">\n\t\t\t\t\t\t\t\t\t<span class=\"elementor-button-text\">Voir le Teaser<\/span>\n\t\t\t\t\t<\/span>\n\t\t\t\t\t<\/a>\n\t\t\t\t<\/div>\n\t\t\t\t\t\t\t\t<\/div>\n\t\t\t\t<\/div>\n\t\t\t\t\t<\/div>\n\t\t\t\t<\/div>\n\t\t<div class=\"elementor-element elementor-element-a1af952 e-flex e-con-boxed wpr-particle-no wpr-jarallax-no wpr-parallax-no wpr-sticky-section-no e-con e-parent\" data-id=\"a1af952\" data-element_type=\"container\">\n\t\t\t\t\t<div class=\"e-con-inner\">\n\t\t\t\t<div class=\"elementor-element elementor-element-0d25879 elementor-widget elementor-widget-heading\" data-id=\"0d25879\" data-element_type=\"widget\" data-widget_type=\"heading.default\">\n\t\t\t\t<div class=\"elementor-widget-container\">\n\t\t\t\t\t<h2 class=\"elementor-heading-title elementor-size-default\">Nos Services<\/h2>\t\t\t\t<\/div>\n\t\t\t\t<\/div>\n\t\t\t\t\t<\/div>\n\t\t\t\t<\/div>\n\t\t<div class=\"elementor-element elementor-element-2af424d e-grid e-con-boxed wpr-particle-no wpr-jarallax-no wpr-parallax-no wpr-sticky-section-no e-con e-parent\" data-id=\"2af424d\" data-element_type=\"container\" data-settings=\"{&quot;background_background&quot;:&quot;classic&quot;}\">\n\t\t\t\t\t<div class=\"e-con-inner\">\n\t\t<div class=\"elementor-element elementor-element-e6d992c e-con-full e-flex wpr-particle-no wpr-jarallax-no wpr-parallax-no wpr-sticky-section-no e-con e-child\" data-id=\"e6d992c\" data-element_type=\"container\" data-settings=\"{&quot;background_background&quot;:&quot;classic&quot;}\">\n\t\t\t\t<div class=\"elementor-element elementor-element-0f72aa6 elementor-widget elementor-widget-image\" data-id=\"0f72aa6\" data-element_type=\"widget\" data-widget_type=\"image.default\">\n\t\t\t\t<div class=\"elementor-widget-container\">\n\t\t\t\t\t\t\t\t\t\t\t\t\t\t\t<img fetchpriority=\"high\" decoding=\"async\" width=\"295\" height=\"238\" src=\"https:\/\/evocomet.eu\/wp-content\/uploads\/2025\/05\/image-1-1-1.png\" class=\"attachment-large size-large wp-image-440\" alt=\"\" \/>\t\t\t\t\t\t\t\t\t\t\t\t\t\t\t<\/div>\n\t\t\t\t<\/div>\n\t\t\t\t<div class=\"elementor-element elementor-element-9af9b3a elementor-widget elementor-widget-text-editor\" data-id=\"9af9b3a\" data-element_type=\"widget\" data-widget_type=\"text-editor.default\">\n\t\t\t\t<div class=\"elementor-widget-container\">\n\t\t\t\t\t\t\t\t\t<h1>Strat\u00e9gie de communication<br \/>et branding<\/h1>\t\t\t\t\t\t\t\t<\/div>\n\t\t\t\t<\/div>\n\t\t\t\t<div class=\"elementor-element elementor-element-9beb583 elementor-align-center elementor-widget elementor-widget-button\" data-id=\"9beb583\" data-element_type=\"widget\" data-widget_type=\"button.default\">\n\t\t\t\t<div class=\"elementor-widget-container\">\n\t\t\t\t\t\t\t\t\t<div class=\"elementor-button-wrapper\">\n\t\t\t\t\t<a class=\"elementor-button elementor-button-link elementor-size-sm\" href=\"https:\/\/evocomet.eu\/index.php\/service\/\">\n\t\t\t\t\t\t<span class=\"elementor-button-content-wrapper\">\n\t\t\t\t\t\t\t\t\t<span class=\"elementor-button-text\">Voir<\/span>\n\t\t\t\t\t<\/span>\n\t\t\t\t\t<\/a>\n\t\t\t\t<\/div>\n\t\t\t\t\t\t\t\t<\/div>\n\t\t\t\t<\/div>\n\t\t\t\t<\/div>\n\t\t<div class=\"elementor-element elementor-element-a28d9b9 e-con-full e-flex wpr-particle-no wpr-jarallax-no wpr-parallax-no wpr-sticky-section-no e-con e-child\" data-id=\"a28d9b9\" data-element_type=\"container\" data-settings=\"{&quot;background_background&quot;:&quot;classic&quot;}\">\n\t\t\t\t<div class=\"elementor-element elementor-element-208a842 elementor-widget elementor-widget-image\" data-id=\"208a842\" data-element_type=\"widget\" data-widget_type=\"image.default\">\n\t\t\t\t<div class=\"elementor-widget-container\">\n\t\t\t\t\t\t\t\t\t\t\t\t\t\t\t<img decoding=\"async\" width=\"295\" height=\"239\" src=\"https:\/\/evocomet.eu\/wp-content\/uploads\/2025\/05\/image-1-3.png\" class=\"attachment-large size-large wp-image-438\" alt=\"Strat\u00e9gie de communication et branding\" \/>\t\t\t\t\t\t\t\t\t\t\t\t\t\t\t<\/div>\n\t\t\t\t<\/div>\n\t\t\t\t<div class=\"elementor-element elementor-element-d927a1b elementor-widget elementor-widget-text-editor\" data-id=\"d927a1b\" data-element_type=\"widget\" data-widget_type=\"text-editor.default\">\n\t\t\t\t<div class=\"elementor-widget-container\">\n\t\t\t\t\t\t\t\t\t<h1>Cr\u00e9ation de contenu<\/h1>\t\t\t\t\t\t\t\t<\/div>\n\t\t\t\t<\/div>\n\t\t\t\t<div class=\"elementor-element elementor-element-10008f4 elementor-align-center elementor-widget elementor-widget-button\" data-id=\"10008f4\" data-element_type=\"widget\" data-widget_type=\"button.default\">\n\t\t\t\t<div class=\"elementor-widget-container\">\n\t\t\t\t\t\t\t\t\t<div class=\"elementor-button-wrapper\">\n\t\t\t\t\t<a class=\"elementor-button elementor-button-link elementor-size-sm\" href=\"https:\/\/evocomet.eu\/index.php\/service\/\">\n\t\t\t\t\t\t<span class=\"elementor-button-content-wrapper\">\n\t\t\t\t\t\t\t\t\t<span class=\"elementor-button-text\">Voir<\/span>\n\t\t\t\t\t<\/span>\n\t\t\t\t\t<\/a>\n\t\t\t\t<\/div>\n\t\t\t\t\t\t\t\t<\/div>\n\t\t\t\t<\/div>\n\t\t\t\t<\/div>\n\t\t<div class=\"elementor-element elementor-element-cf6d56b e-con-full e-flex wpr-particle-no wpr-jarallax-no wpr-parallax-no wpr-sticky-section-no e-con e-child\" data-id=\"cf6d56b\" data-element_type=\"container\" data-settings=\"{&quot;background_background&quot;:&quot;classic&quot;}\">\n\t\t\t\t<div class=\"elementor-element elementor-element-d6cfae2 elementor-widget elementor-widget-image\" data-id=\"d6cfae2\" data-element_type=\"widget\" data-widget_type=\"image.default\">\n\t\t\t\t<div class=\"elementor-widget-container\">\n\t\t\t\t\t\t\t\t\t\t\t\t\t\t\t<img loading=\"lazy\" decoding=\"async\" width=\"295\" height=\"239\" src=\"https:\/\/evocomet.eu\/wp-content\/uploads\/2025\/05\/image-1-2-1.png\" class=\"attachment-large size-large wp-image-439\" alt=\"Strat\u00e9gie de communication et branding\" \/>\t\t\t\t\t\t\t\t\t\t\t\t\t\t\t<\/div>\n\t\t\t\t<\/div>\n\t\t\t\t<div class=\"elementor-element elementor-element-4631a0c elementor-widget elementor-widget-text-editor\" data-id=\"4631a0c\" data-element_type=\"widget\" data-widget_type=\"text-editor.default\">\n\t\t\t\t<div class=\"elementor-widget-container\">\n\t\t\t\t\t\t\t\t\t<h1>Ev\u00e8nementiel<\/h1>\t\t\t\t\t\t\t\t<\/div>\n\t\t\t\t<\/div>\n\t\t\t\t<div class=\"elementor-element elementor-element-e2e8545 elementor-align-center elementor-widget elementor-widget-button\" data-id=\"e2e8545\" data-element_type=\"widget\" data-widget_type=\"button.default\">\n\t\t\t\t<div class=\"elementor-widget-container\">\n\t\t\t\t\t\t\t\t\t<div class=\"elementor-button-wrapper\">\n\t\t\t\t\t<a class=\"elementor-button elementor-button-link elementor-size-sm\" href=\"https:\/\/evocomet.eu\/index.php\/service\/\">\n\t\t\t\t\t\t<span class=\"elementor-button-content-wrapper\">\n\t\t\t\t\t\t\t\t\t<span class=\"elementor-button-text\">Voir<\/span>\n\t\t\t\t\t<\/span>\n\t\t\t\t\t<\/a>\n\t\t\t\t<\/div>\n\t\t\t\t\t\t\t\t<\/div>\n\t\t\t\t<\/div>\n\t\t\t\t<\/div>\n\t\t\t\t\t<\/div>\n\t\t\t\t<\/div>\n\t\t\t\t<\/div>\n\t\t","protected":false},"excerpt":{"rendered":"<p>Bienvenue chez Evo Comet ! Ne passez pas \u00e0 c\u00f4t\u00e9 d\u2019un projet digital qui vous d\u00e9marque ! Nous transformons vos id\u00e9es en solutions sur-mesure, alliant cr\u00e9ativit\u00e9 et expertise. Boostez votre impact avec des r\u00e9alisations innovantes. Teaser Voir le Teaser Nos Services Strat\u00e9gie de communicationet branding Voir Cr\u00e9ation de contenu Voir Ev\u00e8nementiel Voir<\/p>\n","protected":false},"author":7,"featured_media":0,"parent":0,"menu_order":0,"comment_status":"closed","ping_status":"closed","template":"elementor_header_footer","meta":{"footnotes":""},"class_list":["post-11","page","type-page","status-publish","hentry"],"yoast_head":"<!-- This site is optimized with the Yoast SEO plugin v25.3 - https:\/\/yoast.com\/wordpress\/plugins\/seo\/ -->\n<title>Accueil - EvoComet<\/title>\n<meta name=\"robots\" content=\"index, follow, max-snippet:-1, max-image-preview:large, max-video-preview:-1\" \/>\n<link rel=\"canonical\" href=\"https:\/\/evocomet.eu\/\" \/>\n<meta property=\"og:locale\" content=\"en_US\" \/>\n<meta property=\"og:type\" content=\"article\" \/>\n<meta property=\"og:title\" content=\"Accueil - EvoComet\" \/>\n<meta property=\"og:description\" content=\"Bienvenue chez Evo Comet ! Ne passez pas \u00e0 c\u00f4t\u00e9 d\u2019un projet digital qui vous d\u00e9marque ! Nous transformons vos id\u00e9es en solutions sur-mesure, alliant cr\u00e9ativit\u00e9 et expertise. Boostez votre impact avec des r\u00e9alisations innovantes. Teaser Voir le Teaser Nos Services Strat\u00e9gie de communicationet branding Voir Cr\u00e9ation de contenu Voir Ev\u00e8nementiel Voir\" \/>\n<meta property=\"og:url\" content=\"https:\/\/evocomet.eu\/\" \/>\n<meta property=\"og:site_name\" content=\"EvoComet\" \/>\n<meta property=\"article:modified_time\" content=\"2025-05-25T20:06:23+00:00\" \/>\n<meta property=\"og:image\" content=\"http:\/\/evocomet.eu\/wp-content\/uploads\/2025\/05\/Arrow-down-circle.png\" \/>\n<meta name=\"twitter:card\" content=\"summary_large_image\" \/>\n<meta name=\"twitter:label1\" content=\"Est. reading time\" \/>\n\t<meta name=\"twitter:data1\" content=\"2 minutes\" \/>\n<script type=\"application\/ld+json\" class=\"yoast-schema-graph\">{\"@context\":\"https:\/\/schema.org\",\"@graph\":[{\"@type\":\"WebPage\",\"@id\":\"https:\/\/evocomet.eu\/\",\"url\":\"https:\/\/evocomet.eu\/\",\"name\":\"Accueil - EvoComet\",\"isPartOf\":{\"@id\":\"https:\/\/evocomet.eu\/#website\"},\"primaryImageOfPage\":{\"@id\":\"https:\/\/evocomet.eu\/#primaryimage\"},\"image\":{\"@id\":\"https:\/\/evocomet.eu\/#primaryimage\"},\"thumbnailUrl\":\"http:\/\/evocomet.eu\/wp-content\/uploads\/2025\/05\/Arrow-down-circle.png\",\"datePublished\":\"2025-05-09T12:09:35+00:00\",\"dateModified\":\"2025-05-25T20:06:23+00:00\",\"breadcrumb\":{\"@id\":\"https:\/\/evocomet.eu\/#breadcrumb\"},\"inLanguage\":\"en-US\",\"potentialAction\":[{\"@type\":\"ReadAction\",\"target\":[\"https:\/\/evocomet.eu\/\"]}]},{\"@type\":\"ImageObject\",\"inLanguage\":\"en-US\",\"@id\":\"https:\/\/evocomet.eu\/#primaryimage\",\"url\":\"https:\/\/evocomet.eu\/wp-content\/uploads\/2025\/05\/Arrow-down-circle.png\",\"contentUrl\":\"https:\/\/evocomet.eu\/wp-content\/uploads\/2025\/05\/Arrow-down-circle.png\",\"width\":67,\"height\":67},{\"@type\":\"BreadcrumbList\",\"@id\":\"https:\/\/evocomet.eu\/#breadcrumb\",\"itemListElement\":[{\"@type\":\"ListItem\",\"position\":1,\"name\":\"Accueil\",\"item\":\"https:\/\/evocomet.eu\/\"},{\"@type\":\"ListItem\",\"position\":2,\"name\":\"Accueil\"}]},{\"@type\":\"WebSite\",\"@id\":\"https:\/\/evocomet.eu\/#website\",\"url\":\"https:\/\/evocomet.eu\/\",\"name\":\"EvoComet\",\"description\":\"\",\"publisher\":{\"@id\":\"https:\/\/evocomet.eu\/#organization\"},\"potentialAction\":[{\"@type\":\"SearchAction\",\"target\":{\"@type\":\"EntryPoint\",\"urlTemplate\":\"https:\/\/evocomet.eu\/?s={search_term_string}\"},\"query-input\":{\"@type\":\"PropertyValueSpecification\",\"valueRequired\":true,\"valueName\":\"search_term_string\"}}],\"inLanguage\":\"en-US\"},{\"@type\":\"Organization\",\"@id\":\"https:\/\/evocomet.eu\/#organization\",\"name\":\"EvoComet\",\"url\":\"https:\/\/evocomet.eu\/\",\"logo\":{\"@type\":\"ImageObject\",\"inLanguage\":\"en-US\",\"@id\":\"https:\/\/evocomet.eu\/#\/schema\/logo\/image\/\",\"url\":\"https:\/\/evocomet.eu\/wp-content\/uploads\/2025\/05\/logo_evo_comet_blanc-removebg-preview-e1746890970227.png\",\"contentUrl\":\"https:\/\/evocomet.eu\/wp-content\/uploads\/2025\/05\/logo_evo_comet_blanc-removebg-preview-e1746890970227.png\",\"width\":500,\"height\":250,\"caption\":\"EvoComet\"},\"image\":{\"@id\":\"https:\/\/evocomet.eu\/#\/schema\/logo\/image\/\"}}]}<\/script>\n<!-- \/ Yoast SEO plugin. -->","yoast_head_json":{"title":"Accueil - EvoComet","robots":{"index":"index","follow":"follow","max-snippet":"max-snippet:-1","max-image-preview":"max-image-preview:large","max-video-preview":"max-video-preview:-1"},"canonical":"https:\/\/evocomet.eu\/","og_locale":"en_US","og_type":"article","og_title":"Accueil - EvoComet","og_description":"Bienvenue chez Evo Comet ! Ne passez pas \u00e0 c\u00f4t\u00e9 d\u2019un projet digital qui vous d\u00e9marque ! Nous transformons vos id\u00e9es en solutions sur-mesure, alliant cr\u00e9ativit\u00e9 et expertise. Boostez votre impact avec des r\u00e9alisations innovantes. Teaser Voir le Teaser Nos Services Strat\u00e9gie de communicationet branding Voir Cr\u00e9ation de contenu Voir Ev\u00e8nementiel Voir","og_url":"https:\/\/evocomet.eu\/","og_site_name":"EvoComet","article_modified_time":"2025-05-25T20:06:23+00:00","og_image":[{"url":"http:\/\/evocomet.eu\/wp-content\/uploads\/2025\/05\/Arrow-down-circle.png","type":"","width":"","height":""}],"twitter_card":"summary_large_image","twitter_misc":{"Est. reading time":"2 minutes"},"schema":{"@context":"https:\/\/schema.org","@graph":[{"@type":"WebPage","@id":"https:\/\/evocomet.eu\/","url":"https:\/\/evocomet.eu\/","name":"Accueil - EvoComet","isPartOf":{"@id":"https:\/\/evocomet.eu\/#website"},"primaryImageOfPage":{"@id":"https:\/\/evocomet.eu\/#primaryimage"},"image":{"@id":"https:\/\/evocomet.eu\/#primaryimage"},"thumbnailUrl":"http:\/\/evocomet.eu\/wp-content\/uploads\/2025\/05\/Arrow-down-circle.png","datePublished":"2025-05-09T12:09:35+00:00","dateModified":"2025-05-25T20:06:23+00:00","breadcrumb":{"@id":"https:\/\/evocomet.eu\/#breadcrumb"},"inLanguage":"en-US","potentialAction":[{"@type":"ReadAction","target":["https:\/\/evocomet.eu\/"]}]},{"@type":"ImageObject","inLanguage":"en-US","@id":"https:\/\/evocomet.eu\/#primaryimage","url":"https:\/\/evocomet.eu\/wp-content\/uploads\/2025\/05\/Arrow-down-circle.png","contentUrl":"https:\/\/evocomet.eu\/wp-content\/uploads\/2025\/05\/Arrow-down-circle.png","width":67,"height":67},{"@type":"BreadcrumbList","@id":"https:\/\/evocomet.eu\/#breadcrumb","itemListElement":[{"@type":"ListItem","position":1,"name":"Accueil","item":"https:\/\/evocomet.eu\/"},{"@type":"ListItem","position":2,"name":"Accueil"}]},{"@type":"WebSite","@id":"https:\/\/evocomet.eu\/#website","url":"https:\/\/evocomet.eu\/","name":"EvoComet","description":"","publisher":{"@id":"https:\/\/evocomet.eu\/#organization"},"potentialAction":[{"@type":"SearchAction","target":{"@type":"EntryPoint","urlTemplate":"https:\/\/evocomet.eu\/?s={search_term_string}"},"query-input":{"@type":"PropertyValueSpecification","valueRequired":true,"valueName":"search_term_string"}}],"inLanguage":"en-US"},{"@type":"Organization","@id":"https:\/\/evocomet.eu\/#organization","name":"EvoComet","url":"https:\/\/evocomet.eu\/","logo":{"@type":"ImageObject","inLanguage":"en-US","@id":"https:\/\/evocomet.eu\/#\/schema\/logo\/image\/","url":"https:\/\/evocomet.eu\/wp-content\/uploads\/2025\/05\/logo_evo_comet_blanc-removebg-preview-e1746890970227.png","contentUrl":"https:\/\/evocomet.eu\/wp-content\/uploads\/2025\/05\/logo_evo_comet_blanc-removebg-preview-e1746890970227.png","width":500,"height":250,"caption":"EvoComet"},"image":{"@id":"https:\/\/evocomet.eu\/#\/schema\/logo\/image\/"}}]}},"_links":{"self":[{"href":"https:\/\/evocomet.eu\/index.php\/wp-json\/wp\/v2\/pages\/11","targetHints":{"allow":["GET"]}}],"collection":[{"href":"https:\/\/evocomet.eu\/index.php\/wp-json\/wp\/v2\/pages"}],"about":[{"href":"https:\/\/evocomet.eu\/index.php\/wp-json\/wp\/v2\/types\/page"}],"author":[{"embeddable":true,"href":"https:\/\/evocomet.eu\/index.php\/wp-json\/wp\/v2\/users\/7"}],"replies":[{"embeddable":true,"href":"https:\/\/evocomet.eu\/index.php\/wp-json\/wp\/v2\/comments?post=11"}],"version-history":[{"count":52,"href":"https:\/\/evocomet.eu\/index.php\/wp-json\/wp\/v2\/pages\/11\/revisions"}],"predecessor-version":[{"id":727,"href":"https:\/\/evocomet.eu\/index.php\/wp-json\/wp\/v2\/pages\/11\/revisions\/727"}],"wp:attachment":[{"href":"https:\/\/evocomet.eu\/index.php\/wp-json\/wp\/v2\/media?parent=11"}],"curies":[{"name":"wp","href":"https:\/\/api.w.org\/{rel}","templated":true}]}}