{"id":19,"date":"2025-05-10T13:47:51","date_gmt":"2025-05-10T11:47:51","guid":{"rendered":"https:\/\/evocomet.eu\/?page_id=19"},"modified":"2025-05-18T17:07:33","modified_gmt":"2025-05-18T15:07:33","slug":"realisation","status":"publish","type":"page","link":"https:\/\/evocomet.eu\/index.php\/realisation\/","title":{"rendered":"R\u00e9alisations"},"content":{"rendered":"\t\t<div data-elementor-type=\"wp-page\" data-elementor-id=\"19\" class=\"elementor elementor-19\">\n\t\t\t\t<div class=\"elementor-element elementor-element-f2934bc e-flex e-con-boxed wpr-particle-no wpr-jarallax-no wpr-parallax-no wpr-sticky-section-no e-con e-parent\" data-id=\"f2934bc\" data-element_type=\"container\">\n\t\t\t\t\t<div class=\"e-con-inner\">\n\t\t<div class=\"elementor-element elementor-element-8800d2b e-con-full e-flex wpr-particle-no wpr-jarallax-no wpr-parallax-no wpr-sticky-section-no e-con e-child\" data-id=\"8800d2b\" data-element_type=\"container\">\n\t\t\t\t<div class=\"elementor-element elementor-element-4bf8186 elementor-widget elementor-widget-image\" data-id=\"4bf8186\" data-element_type=\"widget\" data-widget_type=\"image.default\">\n\t\t\t\t<div class=\"elementor-widget-container\">\n\t\t\t\t\t\t\t\t\t\t\t\t\t\t\t<img decoding=\"async\" src=\"https:\/\/evocomet.eu\/wp-content\/uploads\/2025\/05\/decoration-cercle.png\" title=\"decoration cercle\" alt=\"Cercle\" loading=\"lazy\" \/>\t\t\t\t\t\t\t\t\t\t\t\t\t\t\t<\/div>\n\t\t\t\t<\/div>\n\t\t\t\t<\/div>\n\t\t<div class=\"elementor-element elementor-element-6de4fd5 e-con-full e-flex wpr-particle-no wpr-jarallax-no wpr-parallax-no wpr-sticky-section-no e-con e-child\" data-id=\"6de4fd5\" data-element_type=\"container\">\n\t\t\t\t<div class=\"elementor-element elementor-element-944e896 elementor-widget-divider--view-line elementor-widget elementor-widget-divider\" data-id=\"944e896\" data-element_type=\"widget\" data-widget_type=\"divider.default\">\n\t\t\t\t<div class=\"elementor-widget-container\">\n\t\t\t\t\t\t\t<div class=\"elementor-divider\">\n\t\t\t<span class=\"elementor-divider-separator\">\n\t\t\t\t\t\t<\/span>\n\t\t<\/div>\n\t\t\t\t\t\t<\/div>\n\t\t\t\t<\/div>\n\t\t\t\t<\/div>\n\t\t<div class=\"elementor-element elementor-element-8f27c2e e-con-full e-flex wpr-particle-no wpr-jarallax-no wpr-parallax-no wpr-sticky-section-no e-con e-child\" data-id=\"8f27c2e\" data-element_type=\"container\">\n\t\t\t\t<div class=\"elementor-element elementor-element-550c0c9 elementor-widget elementor-widget-heading\" data-id=\"550c0c9\" data-element_type=\"widget\" data-widget_type=\"heading.default\">\n\t\t\t\t<div class=\"elementor-widget-container\">\n\t\t\t\t\t<h1 class=\"elementor-heading-title elementor-size-default\">Nos R\u00e9alisations<\/h1>\t\t\t\t<\/div>\n\t\t\t\t<\/div>\n\t\t\t\t<\/div>\n\t\t<div class=\"elementor-element elementor-element-d0f63e1 e-con-full e-flex wpr-particle-no wpr-jarallax-no wpr-parallax-no wpr-sticky-section-no e-con e-child\" data-id=\"d0f63e1\" data-element_type=\"container\">\n\t\t\t\t<div class=\"elementor-element elementor-element-b968307 elementor-widget-divider--view-line elementor-widget elementor-widget-divider\" data-id=\"b968307\" data-element_type=\"widget\" data-widget_type=\"divider.default\">\n\t\t\t\t<div class=\"elementor-widget-container\">\n\t\t\t\t\t\t\t<div class=\"elementor-divider\">\n\t\t\t<span class=\"elementor-divider-separator\">\n\t\t\t\t\t\t<\/span>\n\t\t<\/div>\n\t\t\t\t\t\t<\/div>\n\t\t\t\t<\/div>\n\t\t\t\t<\/div>\n\t\t<div class=\"elementor-element elementor-element-3d2a02a e-con-full e-flex wpr-particle-no wpr-jarallax-no wpr-parallax-no wpr-sticky-section-no e-con e-child\" data-id=\"3d2a02a\" data-element_type=\"container\">\n\t\t\t\t<div class=\"elementor-element elementor-element-18fa373 elementor-widget elementor-widget-image\" data-id=\"18fa373\" data-element_type=\"widget\" data-widget_type=\"image.default\">\n\t\t\t\t<div class=\"elementor-widget-container\">\n\t\t\t\t\t\t\t\t\t\t\t\t\t\t\t<img decoding=\"async\" src=\"https:\/\/evocomet.eu\/wp-content\/uploads\/2025\/05\/decoration-cercle.png\" title=\"decoration cercle\" alt=\"Cercle\" loading=\"lazy\" \/>\t\t\t\t\t\t\t\t\t\t\t\t\t\t\t<\/div>\n\t\t\t\t<\/div>\n\t\t\t\t<\/div>\n\t\t\t\t\t<\/div>\n\t\t\t\t<\/div>\n\t\t<div class=\"elementor-element elementor-element-f6a6455 e-flex e-con-boxed wpr-particle-no wpr-jarallax-no wpr-parallax-no wpr-sticky-section-no e-con e-parent\" data-id=\"f6a6455\" data-element_type=\"container\">\n\t\t\t\t\t<div class=\"e-con-inner\">\n\t\t<div class=\"elementor-element elementor-element-ab50dff e-con-full e-flex wpr-particle-no wpr-jarallax-no wpr-parallax-no wpr-sticky-section-no e-con e-child\" data-id=\"ab50dff\" data-element_type=\"container\">\n\t\t\t\t<div class=\"elementor-element elementor-element-9187e93 elementor-widget elementor-widget-image\" data-id=\"9187e93\" data-element_type=\"widget\" data-widget_type=\"image.default\">\n\t\t\t\t<div class=\"elementor-widget-container\">\n\t\t\t\t\t\t\t\t\t\t\t\t\t\t\t<img decoding=\"async\" src=\"https:\/\/evocomet.eu\/wp-content\/plugins\/elementor\/assets\/images\/placeholder.png\" title=\"\" alt=\"\" loading=\"lazy\" \/>\t\t\t\t\t\t\t\t\t\t\t\t\t\t\t<\/div>\n\t\t\t\t<\/div>\n\t\t\t\t<\/div>\n\t\t<div class=\"elementor-element elementor-element-70601e9 e-con-full e-flex wpr-particle-no wpr-jarallax-no wpr-parallax-no wpr-sticky-section-no e-con e-child\" data-id=\"70601e9\" data-element_type=\"container\">\n\t\t\t\t<div class=\"elementor-element elementor-element-08e2f64 elementor-widget elementor-widget-heading\" data-id=\"08e2f64\" data-element_type=\"widget\" data-widget_type=\"heading.default\">\n\t\t\t\t<div class=\"elementor-widget-container\">\n\t\t\t\t\t<h2 class=\"elementor-heading-title elementor-size-default\">Titre r\u00e9alisation<\/h2>\t\t\t\t<\/div>\n\t\t\t\t<\/div>\n\t\t\t\t<div class=\"elementor-element elementor-element-fff30b5 elementor-widget elementor-widget-spacer\" data-id=\"fff30b5\" data-element_type=\"widget\" data-widget_type=\"spacer.default\">\n\t\t\t\t<div class=\"elementor-widget-container\">\n\t\t\t\t\t\t\t<div class=\"elementor-spacer\">\n\t\t\t<div class=\"elementor-spacer-inner\"><\/div>\n\t\t<\/div>\n\t\t\t\t\t\t<\/div>\n\t\t\t\t<\/div>\n\t\t\t\t<div class=\"elementor-element elementor-element-84789e2 elementor-widget elementor-widget-text-editor\" data-id=\"84789e2\" data-element_type=\"widget\" data-widget_type=\"text-editor.default\">\n\t\t\t\t<div class=\"elementor-widget-container\">\n\t\t\t\t\t\t\t\t\t<p>Lorem ipsum dolor sit amet, consectetur adipiscing elit. Ut elit tellus, luctus nec ullamcorper mattis, pulvinar dapibus leo.<\/p>\t\t\t\t\t\t\t\t<\/div>\n\t\t\t\t<\/div>\n\t\t\t\t<\/div>\n\t\t\t\t\t<\/div>\n\t\t\t\t<\/div>\n\t\t<div class=\"elementor-element elementor-element-5444e6c e-flex e-con-boxed wpr-particle-no wpr-jarallax-no wpr-parallax-no wpr-sticky-section-no e-con e-parent\" data-id=\"5444e6c\" data-element_type=\"container\">\n\t\t\t\t\t<div class=\"e-con-inner\">\n\t\t<div class=\"elementor-element elementor-element-e924d4c e-con-full e-flex wpr-particle-no wpr-jarallax-no wpr-parallax-no wpr-sticky-section-no e-con e-child\" data-id=\"e924d4c\" data-element_type=\"container\">\n\t\t\t\t<div class=\"elementor-element elementor-element-ba8bf1c elementor-widget-divider--view-line elementor-widget elementor-widget-divider\" data-id=\"ba8bf1c\" data-element_type=\"widget\" data-widget_type=\"divider.default\">\n\t\t\t\t<div class=\"elementor-widget-container\">\n\t\t\t\t\t\t\t<div class=\"elementor-divider\">\n\t\t\t<span class=\"elementor-divider-separator\">\n\t\t\t\t\t\t<\/span>\n\t\t<\/div>\n\t\t\t\t\t\t<\/div>\n\t\t\t\t<\/div>\n\t\t\t\t<div class=\"elementor-element elementor-element-46f9911 elementor-widget elementor-widget-image\" data-id=\"46f9911\" data-element_type=\"widget\" data-widget_type=\"image.default\">\n\t\t\t\t<div class=\"elementor-widget-container\">\n\t\t\t\t\t\t\t\t\t\t\t\t\t\t\t<img decoding=\"async\" width=\"260\" height=\"174\" src=\"https:\/\/evocomet.eu\/wp-content\/uploads\/2025\/05\/decoration-cercle.png\" class=\"attachment-large size-large wp-image-63\" alt=\"Cercle\" srcset=\"https:\/\/evocomet.eu\/wp-content\/uploads\/2025\/05\/decoration-cercle.png 260w, https:\/\/evocomet.eu\/wp-content\/uploads\/2025\/05\/elementor\/thumbs\/decoration-cercle-r5lssob08fc4be5t9g0tazung69x6qjhlvq47xju8a.png 97w\" sizes=\"(max-width: 260px) 100vw, 260px\" \/>\t\t\t\t\t\t\t\t\t\t\t\t\t\t\t<\/div>\n\t\t\t\t<\/div>\n\t\t\t\t<div class=\"elementor-element elementor-element-2881e4f elementor-widget__width-initial elementor-widget-divider--view-line elementor-widget elementor-widget-divider\" data-id=\"2881e4f\" data-element_type=\"widget\" data-widget_type=\"divider.default\">\n\t\t\t\t<div class=\"elementor-widget-container\">\n\t\t\t\t\t\t\t<div class=\"elementor-divider\">\n\t\t\t<span class=\"elementor-divider-separator\">\n\t\t\t\t\t\t<\/span>\n\t\t<\/div>\n\t\t\t\t\t\t<\/div>\n\t\t\t\t<\/div>\n\t\t\t\t<\/div>\n\t\t\t\t<div class=\"elementor-element elementor-element-0e7a587 elementor-widget elementor-widget-spacer\" data-id=\"0e7a587\" data-element_type=\"widget\" data-widget_type=\"spacer.default\">\n\t\t\t\t<div class=\"elementor-widget-container\">\n\t\t\t\t\t\t\t<div class=\"elementor-spacer\">\n\t\t\t<div class=\"elementor-spacer-inner\"><\/div>\n\t\t<\/div>\n\t\t\t\t\t\t<\/div>\n\t\t\t\t<\/div>\n\t\t\t\t\t<\/div>\n\t\t\t\t<\/div>\n\t\t<div class=\"elementor-element elementor-element-0ab2f78 e-flex e-con-boxed wpr-particle-no wpr-jarallax-no wpr-parallax-no wpr-sticky-section-no e-con e-parent\" data-id=\"0ab2f78\" data-element_type=\"container\">\n\t\t\t\t\t<div class=\"e-con-inner\">\n\t\t<div class=\"elementor-element elementor-element-07c9dba e-con-full e-flex wpr-particle-no wpr-jarallax-no wpr-parallax-no wpr-sticky-section-no e-con e-child\" data-id=\"07c9dba\" data-element_type=\"container\">\n\t\t\t\t<div class=\"elementor-element elementor-element-b793577 elementor-widget elementor-widget-image\" data-id=\"b793577\" data-element_type=\"widget\" data-widget_type=\"image.default\">\n\t\t\t\t<div class=\"elementor-widget-container\">\n\t\t\t\t\t\t\t\t\t\t\t\t\t\t\t<img decoding=\"async\" src=\"https:\/\/evocomet.eu\/wp-content\/plugins\/elementor\/assets\/images\/placeholder.png\" title=\"\" alt=\"\" loading=\"lazy\" \/>\t\t\t\t\t\t\t\t\t\t\t\t\t\t\t<\/div>\n\t\t\t\t<\/div>\n\t\t\t\t<\/div>\n\t\t<div class=\"elementor-element elementor-element-bd7f741 e-con-full e-flex wpr-particle-no wpr-jarallax-no wpr-parallax-no wpr-sticky-section-no e-con e-child\" data-id=\"bd7f741\" data-element_type=\"container\">\n\t\t\t\t<div class=\"elementor-element elementor-element-1b45582 elementor-widget elementor-widget-heading\" data-id=\"1b45582\" data-element_type=\"widget\" data-widget_type=\"heading.default\">\n\t\t\t\t<div class=\"elementor-widget-container\">\n\t\t\t\t\t<h2 class=\"elementor-heading-title elementor-size-default\">Titre r\u00e9alisation<\/h2>\t\t\t\t<\/div>\n\t\t\t\t<\/div>\n\t\t\t\t<div class=\"elementor-element elementor-element-86b9024 elementor-widget elementor-widget-spacer\" data-id=\"86b9024\" data-element_type=\"widget\" data-widget_type=\"spacer.default\">\n\t\t\t\t<div class=\"elementor-widget-container\">\n\t\t\t\t\t\t\t<div class=\"elementor-spacer\">\n\t\t\t<div class=\"elementor-spacer-inner\"><\/div>\n\t\t<\/div>\n\t\t\t\t\t\t<\/div>\n\t\t\t\t<\/div>\n\t\t\t\t<div class=\"elementor-element elementor-element-e22d58f elementor-widget elementor-widget-text-editor\" data-id=\"e22d58f\" data-element_type=\"widget\" data-widget_type=\"text-editor.default\">\n\t\t\t\t<div class=\"elementor-widget-container\">\n\t\t\t\t\t\t\t\t\t<p>Lorem ipsum dolor sit amet, consectetur adipiscing elit. Ut elit tellus, luctus nec ullamcorper mattis, pulvinar dapibus leo.<\/p>\t\t\t\t\t\t\t\t<\/div>\n\t\t\t\t<\/div>\n\t\t\t\t<\/div>\n\t\t\t\t\t<\/div>\n\t\t\t\t<\/div>\n\t\t<div class=\"elementor-element elementor-element-9ed801f e-flex e-con-boxed wpr-particle-no wpr-jarallax-no wpr-parallax-no wpr-sticky-section-no e-con e-parent\" data-id=\"9ed801f\" data-element_type=\"container\">\n\t\t\t\t\t<div class=\"e-con-inner\">\n\t\t\t\t<div class=\"elementor-element elementor-element-3358166 elementor-widget elementor-widget-spacer\" data-id=\"3358166\" data-element_type=\"widget\" data-widget_type=\"spacer.default\">\n\t\t\t\t<div class=\"elementor-widget-container\">\n\t\t\t\t\t\t\t<div class=\"elementor-spacer\">\n\t\t\t<div class=\"elementor-spacer-inner\"><\/div>\n\t\t<\/div>\n\t\t\t\t\t\t<\/div>\n\t\t\t\t<\/div>\n\t\t\t\t\t<\/div>\n\t\t\t\t<\/div>\n\t\t\t\t<\/div>\n\t\t","protected":false},"excerpt":{"rendered":"<p>Nos R\u00e9alisations Titre r\u00e9alisation Lorem ipsum dolor sit amet, consectetur adipiscing elit. Ut elit tellus, luctus nec ullamcorper mattis, pulvinar dapibus leo. Titre r\u00e9alisation Lorem ipsum dolor sit amet, consectetur adipiscing elit. Ut elit tellus, luctus nec ullamcorper mattis, pulvinar dapibus leo.<\/p>\n","protected":false},"author":7,"featured_media":0,"parent":0,"menu_order":0,"comment_status":"closed","ping_status":"closed","template":"elementor_header_footer","meta":{"footnotes":""},"class_list":["post-19","page","type-page","status-publish","hentry"],"yoast_head":"<!-- This site is optimized with the Yoast SEO plugin v25.3 - https:\/\/yoast.com\/wordpress\/plugins\/seo\/ -->\n<title>R\u00e9alisations - EvoComet<\/title>\n<meta name=\"robots\" content=\"index, follow, max-snippet:-1, max-image-preview:large, max-video-preview:-1\" \/>\n<link rel=\"canonical\" href=\"https:\/\/evocomet.eu\/index.php\/realisation\/\" \/>\n<meta property=\"og:locale\" content=\"en_US\" \/>\n<meta property=\"og:type\" content=\"article\" \/>\n<meta property=\"og:title\" content=\"R\u00e9alisations - EvoComet\" \/>\n<meta property=\"og:description\" content=\"Nos R\u00e9alisations Titre r\u00e9alisation Lorem ipsum dolor sit amet, consectetur adipiscing elit. Ut elit tellus, luctus nec ullamcorper mattis, pulvinar dapibus leo. Titre r\u00e9alisation Lorem ipsum dolor sit amet, consectetur adipiscing elit. Ut elit tellus, luctus nec ullamcorper mattis, pulvinar dapibus leo.\" \/>\n<meta property=\"og:url\" content=\"https:\/\/evocomet.eu\/index.php\/realisation\/\" \/>\n<meta property=\"og:site_name\" content=\"EvoComet\" \/>\n<meta property=\"article:modified_time\" content=\"2025-05-18T15:07:33+00:00\" \/>\n<meta property=\"og:image\" content=\"http:\/\/evocomet.eu\/wp-content\/uploads\/elementor\/thumbs\/decoration-cercle-r5lssob08fc4be5t9g0tazung69x6qjhlvq47xju8a.png\" \/>\n<meta name=\"twitter:card\" content=\"summary_large_image\" \/>\n<meta name=\"twitter:label1\" content=\"Est. reading time\" \/>\n\t<meta name=\"twitter:data1\" content=\"2 minutes\" \/>\n<script type=\"application\/ld+json\" class=\"yoast-schema-graph\">{\"@context\":\"https:\/\/schema.org\",\"@graph\":[{\"@type\":\"WebPage\",\"@id\":\"https:\/\/evocomet.eu\/index.php\/realisation\/\",\"url\":\"https:\/\/evocomet.eu\/index.php\/realisation\/\",\"name\":\"R\u00e9alisations - EvoComet\",\"isPartOf\":{\"@id\":\"https:\/\/evocomet.eu\/#website\"},\"primaryImageOfPage\":{\"@id\":\"https:\/\/evocomet.eu\/index.php\/realisation\/#primaryimage\"},\"image\":{\"@id\":\"https:\/\/evocomet.eu\/index.php\/realisation\/#primaryimage\"},\"thumbnailUrl\":\"http:\/\/evocomet.eu\/wp-content\/uploads\/elementor\/thumbs\/decoration-cercle-r5lssob08fc4be5t9g0tazung69x6qjhlvq47xju8a.png\",\"datePublished\":\"2025-05-10T11:47:51+00:00\",\"dateModified\":\"2025-05-18T15:07:33+00:00\",\"breadcrumb\":{\"@id\":\"https:\/\/evocomet.eu\/index.php\/realisation\/#breadcrumb\"},\"inLanguage\":\"en-US\",\"potentialAction\":[{\"@type\":\"ReadAction\",\"target\":[\"https:\/\/evocomet.eu\/index.php\/realisation\/\"]}]},{\"@type\":\"ImageObject\",\"inLanguage\":\"en-US\",\"@id\":\"https:\/\/evocomet.eu\/index.php\/realisation\/#primaryimage\",\"url\":\"http:\/\/evocomet.eu\/wp-content\/uploads\/elementor\/thumbs\/decoration-cercle-r5lssob08fc4be5t9g0tazung69x6qjhlvq47xju8a.png\",\"contentUrl\":\"http:\/\/evocomet.eu\/wp-content\/uploads\/elementor\/thumbs\/decoration-cercle-r5lssob08fc4be5t9g0tazung69x6qjhlvq47xju8a.png\"},{\"@type\":\"BreadcrumbList\",\"@id\":\"https:\/\/evocomet.eu\/index.php\/realisation\/#breadcrumb\",\"itemListElement\":[{\"@type\":\"ListItem\",\"position\":1,\"name\":\"Accueil\",\"item\":\"https:\/\/evocomet.eu\/\"},{\"@type\":\"ListItem\",\"position\":2,\"name\":\"R\u00e9alisations\"}]},{\"@type\":\"WebSite\",\"@id\":\"https:\/\/evocomet.eu\/#website\",\"url\":\"https:\/\/evocomet.eu\/\",\"name\":\"EvoComet\",\"description\":\"\",\"publisher\":{\"@id\":\"https:\/\/evocomet.eu\/#organization\"},\"potentialAction\":[{\"@type\":\"SearchAction\",\"target\":{\"@type\":\"EntryPoint\",\"urlTemplate\":\"https:\/\/evocomet.eu\/?s={search_term_string}\"},\"query-input\":{\"@type\":\"PropertyValueSpecification\",\"valueRequired\":true,\"valueName\":\"search_term_string\"}}],\"inLanguage\":\"en-US\"},{\"@type\":\"Organization\",\"@id\":\"https:\/\/evocomet.eu\/#organization\",\"name\":\"EvoComet\",\"url\":\"https:\/\/evocomet.eu\/\",\"logo\":{\"@type\":\"ImageObject\",\"inLanguage\":\"en-US\",\"@id\":\"https:\/\/evocomet.eu\/#\/schema\/logo\/image\/\",\"url\":\"https:\/\/evocomet.eu\/wp-content\/uploads\/2025\/05\/logo_evo_comet_blanc-removebg-preview-e1746890970227.png\",\"contentUrl\":\"https:\/\/evocomet.eu\/wp-content\/uploads\/2025\/05\/logo_evo_comet_blanc-removebg-preview-e1746890970227.png\",\"width\":500,\"height\":250,\"caption\":\"EvoComet\"},\"image\":{\"@id\":\"https:\/\/evocomet.eu\/#\/schema\/logo\/image\/\"}}]}<\/script>\n<!-- \/ Yoast SEO plugin. -->","yoast_head_json":{"title":"R\u00e9alisations - EvoComet","robots":{"index":"index","follow":"follow","max-snippet":"max-snippet:-1","max-image-preview":"max-image-preview:large","max-video-preview":"max-video-preview:-1"},"canonical":"https:\/\/evocomet.eu\/index.php\/realisation\/","og_locale":"en_US","og_type":"article","og_title":"R\u00e9alisations - EvoComet","og_description":"Nos R\u00e9alisations Titre r\u00e9alisation Lorem ipsum dolor sit amet, consectetur adipiscing elit. Ut elit tellus, luctus nec ullamcorper mattis, pulvinar dapibus leo. Titre r\u00e9alisation Lorem ipsum dolor sit amet, consectetur adipiscing elit. Ut elit tellus, luctus nec ullamcorper mattis, pulvinar dapibus leo.","og_url":"https:\/\/evocomet.eu\/index.php\/realisation\/","og_site_name":"EvoComet","article_modified_time":"2025-05-18T15:07:33+00:00","og_image":[{"url":"http:\/\/evocomet.eu\/wp-content\/uploads\/elementor\/thumbs\/decoration-cercle-r5lssob08fc4be5t9g0tazung69x6qjhlvq47xju8a.png","type":"","width":"","height":""}],"twitter_card":"summary_large_image","twitter_misc":{"Est. reading time":"2 minutes"},"schema":{"@context":"https:\/\/schema.org","@graph":[{"@type":"WebPage","@id":"https:\/\/evocomet.eu\/index.php\/realisation\/","url":"https:\/\/evocomet.eu\/index.php\/realisation\/","name":"R\u00e9alisations - EvoComet","isPartOf":{"@id":"https:\/\/evocomet.eu\/#website"},"primaryImageOfPage":{"@id":"https:\/\/evocomet.eu\/index.php\/realisation\/#primaryimage"},"image":{"@id":"https:\/\/evocomet.eu\/index.php\/realisation\/#primaryimage"},"thumbnailUrl":"http:\/\/evocomet.eu\/wp-content\/uploads\/elementor\/thumbs\/decoration-cercle-r5lssob08fc4be5t9g0tazung69x6qjhlvq47xju8a.png","datePublished":"2025-05-10T11:47:51+00:00","dateModified":"2025-05-18T15:07:33+00:00","breadcrumb":{"@id":"https:\/\/evocomet.eu\/index.php\/realisation\/#breadcrumb"},"inLanguage":"en-US","potentialAction":[{"@type":"ReadAction","target":["https:\/\/evocomet.eu\/index.php\/realisation\/"]}]},{"@type":"ImageObject","inLanguage":"en-US","@id":"https:\/\/evocomet.eu\/index.php\/realisation\/#primaryimage","url":"http:\/\/evocomet.eu\/wp-content\/uploads\/elementor\/thumbs\/decoration-cercle-r5lssob08fc4be5t9g0tazung69x6qjhlvq47xju8a.png","contentUrl":"http:\/\/evocomet.eu\/wp-content\/uploads\/elementor\/thumbs\/decoration-cercle-r5lssob08fc4be5t9g0tazung69x6qjhlvq47xju8a.png"},{"@type":"BreadcrumbList","@id":"https:\/\/evocomet.eu\/index.php\/realisation\/#breadcrumb","itemListElement":[{"@type":"ListItem","position":1,"name":"Accueil","item":"https:\/\/evocomet.eu\/"},{"@type":"ListItem","position":2,"name":"R\u00e9alisations"}]},{"@type":"WebSite","@id":"https:\/\/evocomet.eu\/#website","url":"https:\/\/evocomet.eu\/","name":"EvoComet","description":"","publisher":{"@id":"https:\/\/evocomet.eu\/#organization"},"potentialAction":[{"@type":"SearchAction","target":{"@type":"EntryPoint","urlTemplate":"https:\/\/evocomet.eu\/?s={search_term_string}"},"query-input":{"@type":"PropertyValueSpecification","valueRequired":true,"valueName":"search_term_string"}}],"inLanguage":"en-US"},{"@type":"Organization","@id":"https:\/\/evocomet.eu\/#organization","name":"EvoComet","url":"https:\/\/evocomet.eu\/","logo":{"@type":"ImageObject","inLanguage":"en-US","@id":"https:\/\/evocomet.eu\/#\/schema\/logo\/image\/","url":"https:\/\/evocomet.eu\/wp-content\/uploads\/2025\/05\/logo_evo_comet_blanc-removebg-preview-e1746890970227.png","contentUrl":"https:\/\/evocomet.eu\/wp-content\/uploads\/2025\/05\/logo_evo_comet_blanc-removebg-preview-e1746890970227.png","width":500,"height":250,"caption":"EvoComet"},"image":{"@id":"https:\/\/evocomet.eu\/#\/schema\/logo\/image\/"}}]}},"_links":{"self":[{"href":"https:\/\/evocomet.eu\/index.php\/wp-json\/wp\/v2\/pages\/19","targetHints":{"allow":["GET"]}}],"collection":[{"href":"https:\/\/evocomet.eu\/index.php\/wp-json\/wp\/v2\/pages"}],"about":[{"href":"https:\/\/evocomet.eu\/index.php\/wp-json\/wp\/v2\/types\/page"}],"author":[{"embeddable":true,"href":"https:\/\/evocomet.eu\/index.php\/wp-json\/wp\/v2\/users\/7"}],"replies":[{"embeddable":true,"href":"https:\/\/evocomet.eu\/index.php\/wp-json\/wp\/v2\/comments?post=19"}],"version-history":[{"count":34,"href":"https:\/\/evocomet.eu\/index.php\/wp-json\/wp\/v2\/pages\/19\/revisions"}],"predecessor-version":[{"id":616,"href":"https:\/\/evocomet.eu\/index.php\/wp-json\/wp\/v2\/pages\/19\/revisions\/616"}],"wp:attachment":[{"href":"https:\/\/evocomet.eu\/index.php\/wp-json\/wp\/v2\/media?parent=19"}],"curies":[{"name":"wp","href":"https:\/\/api.w.org\/{rel}","templated":true}]}}